{"id":785,"date":"2019-01-23T10:16:10","date_gmt":"2019-01-23T09:16:10","guid":{"rendered":"http:\/\/eszakmagyartegla.hu\/?page_id=785"},"modified":"2024-08-12T12:16:15","modified_gmt":"2024-08-12T11:16:15","slug":"tanusitvanyok","status":"publish","type":"page","link":"http:\/\/eszakmagyartegla.hu\/en\/tanusitvanyok\/","title":{"rendered":"(Magyar) Tan\u00fas\u00edtv\u00e1nyok"},"content":{"rendered":"\n<p><a href=\"http:\/\/eszakmagyartegla.hu\/wp-content\/uploads\/2024\/08\/EMI-tanusitvany-20240812.pdf\">\u00c9MI tan\u00fas\u00edtv\u00e1ny<\/a><\/p>\n\n\n\n<p><a href=\"http:\/\/eszakmagyartegla.hu\/wp-content\/uploads\/2024\/08\/EMT-Tanusitvany-20240812.pdf\">EMT tan\u00fas\u00edtv\u00e1ny<\/a><\/p>\n\n\n\n<p><a href=\"http:\/\/eszakmagyartegla.hu\/wp-content\/uploads\/2024\/08\/NQA-tanusitvany-20240812.pdf\">NQA tan\u00fas\u00edtv\u00e1ny<\/a><\/p>\n","protected":false},"excerpt":{"rendered":"<p>\u00c9MI tan\u00fas\u00edtv\u00e1ny EMT tan\u00fas\u00edtv\u00e1ny NQA tan\u00fas\u00edtv\u00e1ny<\/p>\n","protected":false},"author":1,"featured_media":0,"parent":0,"menu_order":0,"comment_status":"closed","ping_status":"closed","template":"","meta":{"footnotes":""},"class_list":["post-785","page","type-page","status-publish","hentry"],"_links":{"self":[{"href":"http:\/\/eszakmagyartegla.hu\/en\/wp-json\/wp\/v2\/pages\/785","targetHints":{"allow":["GET"]}}],"collection":[{"href":"http:\/\/eszakmagyartegla.hu\/en\/wp-json\/wp\/v2\/pages"}],"about":[{"href":"http:\/\/eszakmagyartegla.hu\/en\/wp-json\/wp\/v2\/types\/page"}],"author":[{"embeddable":true,"href":"http:\/\/eszakmagyartegla.hu\/en\/wp-json\/wp\/v2\/users\/1"}],"replies":[{"embeddable":true,"href":"http:\/\/eszakmagyartegla.hu\/en\/wp-json\/wp\/v2\/comments?post=785"}],"version-history":[{"count":10,"href":"http:\/\/eszakmagyartegla.hu\/en\/wp-json\/wp\/v2\/pages\/785\/revisions"}],"predecessor-version":[{"id":1075,"href":"http:\/\/eszakmagyartegla.hu\/en\/wp-json\/wp\/v2\/pages\/785\/revisions\/1075"}],"wp:attachment":[{"href":"http:\/\/eszakmagyartegla.hu\/en\/wp-json\/wp\/v2\/media?parent=785"}],"curies":[{"name":"wp","href":"https:\/\/api.w.org\/{rel}","templated":true}]}}